{"id":15,"date":"2011-04-05T06:09:55","date_gmt":"2011-04-05T04:09:55","guid":{"rendered":"http:\/\/www.chornelimuenster.de\/wordpress\/?page_id=15"},"modified":"2025-02-24T12:32:15","modified_gmt":"2025-02-24T11:32:15","slug":"mitgliedschaft","status":"publish","type":"page","link":"https:\/\/www.chornelimuenster.de\/?page_id=15","title":{"rendered":"Mitgliedschaft"},"content":{"rendered":"<p>Auf dieser Seite sind die Informationen zu einer Mitgliedschaft im CHORnelim\u00fcnster e.V. zusammengestellt.<\/p>\n<ul>\n<li><a href=\"http:\/\/www.chornelimuenster.de\/wp-content\/uploads\/extern\/CHORnelimuensterSatzung20100914.pdf\">Satzung des CHORnelim\u00fcnster e.V., Stand 14.09.2010<\/a><\/li>\n<li><a href=\"http:\/\/www.chornelimuenster.de\/wp-content\/uploads\/extern\/Geschaeftsordnung20101117.pdf\">Gesch\u00e4ftsordnung des CHORnelim\u00fcnster e.V., Stand 17.11.2010<\/a><\/li>\n<li><a href=\"http:\/\/www.chornelimuenster.de\/wp-content\/uploads\/intern\/Geschaeftsordnung Chornelimuenster 20220706.pdf\">Ge\u00e4nderte Gesch\u00e4ftsordnung des CHORnelim\u00fcnster e.V., Stand 21.08.2022<\/a><\/li>\n<li><a href=\"http:\/\/www.chornelimuenster.de\/wp-content\/uploads\/extern\/Beitrittserklaerung_02-2025.pdf\">Beitrittserkl\u00e4rung zum CHORnelim\u00fcnster e.V., Stand 02-2025<\/a><\/li>\n<li><a href=\"http:\/\/www.chornelimuenster.de\/wp-content\/uploads\/2025\/01\/Infoblatt_Stand_01_2025.pdf\">Informationen f\u00fcr neue Mitglieder, Stand 01-2025<\/a><\/li>\n<\/ul>\n<p><strong>Hinweis<br \/>\n<\/strong><img loading=\"lazy\" decoding=\"async\" class=\"alignnone size-medium wp-image-443\" title=\"Stimmen gesucht\" src=\"http:\/\/www.chornelimuenster.de\/wp-content\/uploads\/2012\/02\/Saenger-285x300.jpg\" alt=\"\" width=\"50\" height=\"50\"><br \/>\n<strong>Interessenten f\u00fcr den Chor k\u00f6nnen sich unter <a href=\"mailto:martin.telaak@chornelimuenster.de?cc=tina.philippi@chornelimuenster.de\">dieser<\/a> Adresse melden.<br \/>\nDerzeit w\u00fcrden wir uns besonders \u00fcber Unterst\u00fctzung im Tenor und Bass freuen.<\/strong><\/p>\n","protected":false},"excerpt":{"rendered":"<p>Auf dieser Seite sind die Informationen zu einer Mitgliedschaft im CHORnelim\u00fcnster e.V. zusammengestellt. Satzung des CHORnelim\u00fcnster e.V., Stand 14.09.2010 Gesch\u00e4ftsordnung des CHORnelim\u00fcnster e.V., Stand 17.11.2010 Ge\u00e4nderte Gesch\u00e4ftsordnung des CHORnelim\u00fcnster e.V., Stand 21.08.2022 Beitrittserkl\u00e4rung zum CHORnelim\u00fcnster e.V., Stand 02-2025 Informationen f\u00fcr &hellip; <a href=\"https:\/\/www.chornelimuenster.de\/?page_id=15\">Weiterlesen <span class=\"meta-nav\">&rarr;<\/span><\/a><\/p>\n","protected":false},"author":1,"featured_media":0,"parent":5,"menu_order":0,"comment_status":"closed","ping_status":"closed","template":"","meta":{"ngg_post_thumbnail":0,"footnotes":""},"class_list":["post-15","page","type-page","status-publish","hentry"],"_links":{"self":[{"href":"https:\/\/www.chornelimuenster.de\/index.php?rest_route=\/wp\/v2\/pages\/15","targetHints":{"allow":["GET"]}}],"collection":[{"href":"https:\/\/www.chornelimuenster.de\/index.php?rest_route=\/wp\/v2\/pages"}],"about":[{"href":"https:\/\/www.chornelimuenster.de\/index.php?rest_route=\/wp\/v2\/types\/page"}],"author":[{"embeddable":true,"href":"https:\/\/www.chornelimuenster.de\/index.php?rest_route=\/wp\/v2\/users\/1"}],"replies":[{"embeddable":true,"href":"https:\/\/www.chornelimuenster.de\/index.php?rest_route=%2Fwp%2Fv2%2Fcomments&post=15"}],"version-history":[{"count":25,"href":"https:\/\/www.chornelimuenster.de\/index.php?rest_route=\/wp\/v2\/pages\/15\/revisions"}],"predecessor-version":[{"id":7454,"href":"https:\/\/www.chornelimuenster.de\/index.php?rest_route=\/wp\/v2\/pages\/15\/revisions\/7454"}],"up":[{"embeddable":true,"href":"https:\/\/www.chornelimuenster.de\/index.php?rest_route=\/wp\/v2\/pages\/5"}],"wp:attachment":[{"href":"https:\/\/www.chornelimuenster.de\/index.php?rest_route=%2Fwp%2Fv2%2Fmedia&parent=15"}],"curies":[{"name":"wp","href":"https:\/\/api.w.org\/{rel}","templated":true}]}}